{"id":9,"date":"2014-05-23T01:41:47","date_gmt":"2014-05-23T01:41:47","guid":{"rendered":"http:\/\/strokur.wordpress.com\/?page_id=6"},"modified":"2020-11-03T15:27:55","modified_gmt":"2020-11-03T15:27:55","slug":"home","status":"publish","type":"page","link":"https:\/\/strokur.is\/","title":{"rendered":"Fors\u00ed\u00f0a"},"content":{"rendered":"<p style=\"text-align: center;\">Str\u00f3kur virknimi\u00f0st\u00f6\u00f0 er athvarf og endurh\u00e6fingar\u00farr\u00e6\u00f0i fyrir f\u00f3lk me\u00f0 ge\u00f0raskanir\/f\u00e9lagslega einangrun.<\/p>\n<p style=\"text-align: center;\">Str\u00f3kur er opinn \u00f6llum \u00edb\u00faum \u00e1 Su\u00f0urlandi \u00e1 aldrinum 18-70 \u00e1ra sem vilja halda s\u00e9r \u00ed bata og vera virkir \u00fe\u00e1tttakendur \u00ed samf\u00e9laginu.<\/p>\n<p style=\"text-align: center;\">\u00cd Str\u00f3k leggur hver og einn sitt af m\u00f6rkum, \u00fe\u00e1tttaka er \u00e1n kostna\u00f0ar og leggjum vi\u00f0 \u00e1herslu \u00e1 einstaklingsmi\u00f0a\u00f0an stu\u00f0ning.<\/p>\n<hr \/>\n<h2 style=\"text-align: center;\"><strong>B\u00f3ka\u00f0u kynningu &#8211; \u00fe\u00fa skiptir m\u00e1li!<\/strong><\/h2>\n<p style=\"text-align: center;\">\u00a0<\/p>\n<hr \/>\n<h4 style=\"text-align: center;\"><span style=\"color: #ff0000;\"><a href=\"https:\/\/www.facebook.com\/klubburstrokur\">Fylgdu okkur \u00e1 Facebook<\/a> <br \/><\/span><\/h4>\n<p>N\u00fdjustu Facebook fr\u00e9ttir:<\/p>\n\n<div class=\"cff-wrapper\"><div class=\"cff-wrapper-ctn \" ><div id=\"cff\"  class=\"cff cff-list-container  cff-default-styles  cff-mob-cols-1 cff-tab-cols-1\"    data-char=\"400\" ><div class=\"cff-error-msg\">\n\t<div>\n\t\t<i class=\"fa fa-lock\" aria-hidden=\"true\" style=\"margin-right: 5px;\"><\/i><b>This message is only visible to admins.<\/b><br\/>\n\t\tProblem displaying Facebook posts. Backup cache in use.\t\t\t\t\t<br\/><a href=\"javascript:void(0);\" id=\"cff-show-error\" onclick=\"cffShowError()\">Click to show error<\/a>\n\t\t\t<script type=\"text\/javascript\">function cffShowError() { document.getElementById(\"cff-error-reason\").style.display = \"block\"; document.getElementById(\"cff-show-error\").style.display = \"none\"; }<\/script>\n\t\t\t<\/div>\n\t\t\t<div id=\"cff-error-reason\">\n\t\t\t\t\t\t\t\t\t<b>Error:<\/b> Error validating access token: The session has been invalidated because the user changed their password or Facebook has changed the session for security reasons.\t\t\t\t\t\t\t\t\t\t\t\t\t<b>Type:<\/b> OAuthException\t\t\t\t\t\t\t\t\t\t\t\t\t\t\t\t\t\t\t\t\t\t\t\t\t\t\t\t\n\t\t\t<\/div>\n\t\t\t\t\n<\/div>\n<div class=\"cff-posts-wrap\"><\/div><input class=\"cff-pag-url\" type=\"hidden\" data-locatornonce=\"6c433a4627\" data-cff-shortcode=\"{&quot;feed&quot;: &quot;1&quot;}\" data-post-id=\"9\" data-feed-id=\"1752900338083598\"><\/div><\/div><div class=\"cff-clear\"><\/div><\/div>","protected":false},"excerpt":{"rendered":"<p>Str\u00f3kur virknimi\u00f0st\u00f6\u00f0 er athvarf og endurh\u00e6fingar\u00farr\u00e6\u00f0i fyrir f\u00f3lk me\u00f0 ge\u00f0raskanir\/f\u00e9lagslega einangrun. Str\u00f3kur er opinn \u00f6llum \u00edb\u00faum \u00e1 Su\u00f0urlandi \u00e1 aldrinum 18-70 \u00e1ra sem vilja halda s\u00e9r \u00ed bata og vera virkir \u00fe\u00e1tttakendur \u00ed samf\u00e9laginu.&#46;&#46;&#46;<\/p>\n","protected":false},"author":3,"featured_media":0,"parent":0,"menu_order":0,"comment_status":"open","ping_status":"open","template":"","meta":{"_uag_custom_page_level_css":"","_monsterinsights_skip_tracking":false,"_monsterinsights_sitenote_active":false,"_monsterinsights_sitenote_note":"","_monsterinsights_sitenote_category":0,"footnotes":""},"class_list":["post-9","page","type-page","status-publish","hentry"],"uagb_featured_image_src":{"full":false,"thumbnail":false,"medium":false,"medium_large":false,"large":false,"1536x1536":false,"2048x2048":false,"thumb-small":false,"thumb-standard":false,"thumb-medium":false,"thumb-large":false,"thumb-xlarge":false,"thumb-xxlarge":false,"thumb-large-no-crop":false,"thumb-medium-no-crop":false,"thumb-standard-no-crop":false,"wdm-list-slider-thumb":false},"uagb_author_info":{"display_name":"Gu\u00f0mundur R\u00fanar \u00d3skarsson","author_link":"https:\/\/strokur.is\/?author=3"},"uagb_comment_info":1833,"uagb_excerpt":"Str\u00f3kur virknimi\u00f0st\u00f6\u00f0 er athvarf og endurh\u00e6fingar\u00farr\u00e6\u00f0i fyrir f\u00f3lk me\u00f0 ge\u00f0raskanir\/f\u00e9lagslega einangrun. Str\u00f3kur er opinn \u00f6llum \u00edb\u00faum \u00e1 Su\u00f0urlandi \u00e1 aldrinum 18-70 \u00e1ra sem vilja halda s\u00e9r \u00ed bata og vera virkir \u00fe\u00e1tttakendur \u00ed samf\u00e9laginu.&#46;&#46;&#46;","jetpack_sharing_enabled":true,"_links":{"self":[{"href":"https:\/\/strokur.is\/index.php?rest_route=\/wp\/v2\/pages\/9"}],"collection":[{"href":"https:\/\/strokur.is\/index.php?rest_route=\/wp\/v2\/pages"}],"about":[{"href":"https:\/\/strokur.is\/index.php?rest_route=\/wp\/v2\/types\/page"}],"author":[{"embeddable":true,"href":"https:\/\/strokur.is\/index.php?rest_route=\/wp\/v2\/users\/3"}],"replies":[{"embeddable":true,"href":"https:\/\/strokur.is\/index.php?rest_route=%2Fwp%2Fv2%2Fcomments&post=9"}],"version-history":[{"count":14,"href":"https:\/\/strokur.is\/index.php?rest_route=\/wp\/v2\/pages\/9\/revisions"}],"predecessor-version":[{"id":434,"href":"https:\/\/strokur.is\/index.php?rest_route=\/wp\/v2\/pages\/9\/revisions\/434"}],"wp:attachment":[{"href":"https:\/\/strokur.is\/index.php?rest_route=%2Fwp%2Fv2%2Fmedia&parent=9"}],"curies":[{"name":"wp","href":"https:\/\/api.w.org\/{rel}","templated":true}]}}