{"id":492,"date":"2023-05-15T13:43:07","date_gmt":"2023-05-15T13:43:07","guid":{"rendered":"https:\/\/strokur.is\/?page_id=492"},"modified":"2023-05-15T13:43:08","modified_gmt":"2023-05-15T13:43:08","slug":"uppbod-1","status":"publish","type":"page","link":"https:\/\/strokur.is\/?page_id=492","title":{"rendered":"Uppbo\u00f0 1"},"content":{"rendered":"<div class=\"container-auw\">\n\t\t<div class=\"auction-table-design\">\n\t\t\t<div class=\"auction-table-header\">\n\t\t\t\t<ul>\n\t\t\t\t\t<li class=\"prod_img\">Image<\/li>\n\t\t\t\t\t<li class=\"prod_summary\">Product Summary<\/li>\n\t\t\t\t\t<li class=\"cur-price\">Current Price<\/li>\n\t\t\t\t\t<li class=\"bid_place\">Bids Placed<\/li>\n\t\t\t\t\t<li class=\"end-time\">Ending<\/li>\n\t\t\t\t\t<li class=\"bids_now-btn\">Bids Now<\/li>\n\t\t\t\t<\/ul>\n\t\t\t<\/div>\n\t\t\t\n\t\t<\/div>\n\n\t<div class=\"product-details-content\">\n\t\t\t<\/div>\n<\/div>\n\n\n\n","protected":false},"excerpt":{"rendered":"","protected":false},"author":3,"featured_media":0,"parent":0,"menu_order":0,"comment_status":"closed","ping_status":"closed","template":"","meta":{"_uag_custom_page_level_css":"","_monsterinsights_skip_tracking":false,"_monsterinsights_sitenote_active":false,"_monsterinsights_sitenote_note":"","_monsterinsights_sitenote_category":0,"footnotes":""},"class_list":["post-492","page","type-page","status-publish","hentry"],"uagb_featured_image_src":{"full":false,"thumbnail":false,"medium":false,"medium_large":false,"large":false,"1536x1536":false,"2048x2048":false,"thumb-small":false,"thumb-standard":false,"thumb-medium":false,"thumb-large":false,"thumb-xlarge":false,"thumb-xxlarge":false,"thumb-large-no-crop":false,"thumb-medium-no-crop":false,"thumb-standard-no-crop":false,"wdm-list-slider-thumb":false},"uagb_author_info":{"display_name":"Gu\u00f0mundur R\u00fanar \u00d3skarsson","author_link":"https:\/\/strokur.is\/?author=3"},"uagb_comment_info":0,"uagb_excerpt":null,"jetpack_sharing_enabled":true,"_links":{"self":[{"href":"https:\/\/strokur.is\/index.php?rest_route=\/wp\/v2\/pages\/492"}],"collection":[{"href":"https:\/\/strokur.is\/index.php?rest_route=\/wp\/v2\/pages"}],"about":[{"href":"https:\/\/strokur.is\/index.php?rest_route=\/wp\/v2\/types\/page"}],"author":[{"embeddable":true,"href":"https:\/\/strokur.is\/index.php?rest_route=\/wp\/v2\/users\/3"}],"replies":[{"embeddable":true,"href":"https:\/\/strokur.is\/index.php?rest_route=%2Fwp%2Fv2%2Fcomments&post=492"}],"version-history":[{"count":1,"href":"https:\/\/strokur.is\/index.php?rest_route=\/wp\/v2\/pages\/492\/revisions"}],"predecessor-version":[{"id":493,"href":"https:\/\/strokur.is\/index.php?rest_route=\/wp\/v2\/pages\/492\/revisions\/493"}],"wp:attachment":[{"href":"https:\/\/strokur.is\/index.php?rest_route=%2Fwp%2Fv2%2Fmedia&parent=492"}],"curies":[{"name":"wp","href":"https:\/\/api.w.org\/{rel}","templated":true}]}}