{"id":387,"date":"2020-11-02T21:49:04","date_gmt":"2020-11-02T21:49:04","guid":{"rendered":"https:\/\/strokur.is\/?page_id=387"},"modified":"2020-11-03T14:45:43","modified_gmt":"2020-11-03T14:45:43","slug":"endurhaefing","status":"publish","type":"page","link":"https:\/\/strokur.is\/?page_id=387","title":{"rendered":"Endurh\u00e6fing"},"content":{"rendered":"\n<p>Allir \u00fe\u00e1tttakendur \u00ed Str\u00f3k sinna einstaklingsmi\u00f0a\u00f0ri endurh\u00e6fingu. Dagskr\u00e1rli\u00f0ir okkar byggja \u00e1 \u00fev\u00ed a\u00f0 virkja einstaklinga b\u00e6\u00f0i andlega, l\u00edkamlega og f\u00e9lagslega. <\/p>\n\n\n\n<p>Mj\u00f6g misjafnt er \u00ed hverju endurh\u00e6fing hvers og eins er f\u00f3lgin og \u00fev\u00ed er mikilv\u00e6gt a\u00f0 hver og einn beri sig ekki vi\u00f0 a\u00f0ra heldur einbeiti s\u00e9r a\u00f0 s\u00ednu bataferli og s\u00ednum markmi\u00f0um. Endurh\u00e6fingin getur hvort sem er veri\u00f0 f\u00f3lgin \u00ed \u00fev\u00ed a\u00f0 m\u00e6ta reglulega \u00ed Str\u00f3k og sinna verkefnum \u00fear e\u00f0a sambland af \u00fej\u00f3nustu \u00ed Str\u00f3k og endurh\u00e6fingu sem fer fram \u00e1 \u00f6\u00f0rum st\u00f6\u00f0um. <\/p>\n\n\n\n<p>Allir sem skr\u00e1 sig \u00ed Kl\u00fabbinn Str\u00f3k f\u00e1 einstaklingsmi\u00f0a\u00f0a r\u00e1\u00f0gj\u00f6f og stu\u00f0ning vi\u00f0 s\u00edna endurh\u00e6fingu. <\/p>\n\n\n\n<p>\u00deeir sem vilja spreyta sig \u00e1 n\u00fdjum verkefnum \u00ed sinni endurh\u00e6fingu, skr\u00e1 sig \u00ed n\u00e1m e\u00f0a finna starf sem hentar geta fengi\u00f0 stu\u00f0ning til \u00feess hj\u00e1 starfsm\u00f6nnum okkar. <\/p>\n\n\n\n<p><\/p>\n","protected":false},"excerpt":{"rendered":"<p>Allir \u00fe\u00e1tttakendur \u00ed Str\u00f3k sinna einstaklingsmi\u00f0a\u00f0ri endurh\u00e6fingu. Dagskr\u00e1rli\u00f0ir okkar byggja \u00e1 \u00fev\u00ed a\u00f0 virkja einstaklinga b\u00e6\u00f0i andlega, l\u00edkamlega og f\u00e9lagslega. Mj\u00f6g misjafnt er \u00ed hverju endurh\u00e6fing hvers og eins er f\u00f3lgin og \u00fev\u00ed er&#46;&#46;&#46;<\/p>\n","protected":false},"author":3,"featured_media":0,"parent":0,"menu_order":0,"comment_status":"closed","ping_status":"closed","template":"","meta":{"_uag_custom_page_level_css":"","_monsterinsights_skip_tracking":false,"_monsterinsights_sitenote_active":false,"_monsterinsights_sitenote_note":"","_monsterinsights_sitenote_category":0,"footnotes":""},"class_list":["post-387","page","type-page","status-publish","hentry"],"uagb_featured_image_src":{"full":false,"thumbnail":false,"medium":false,"medium_large":false,"large":false,"1536x1536":false,"2048x2048":false,"thumb-small":false,"thumb-standard":false,"thumb-medium":false,"thumb-large":false,"thumb-xlarge":false,"thumb-xxlarge":false,"thumb-large-no-crop":false,"thumb-medium-no-crop":false,"thumb-standard-no-crop":false,"wdm-list-slider-thumb":false},"uagb_author_info":{"display_name":"Gu\u00f0mundur R\u00fanar \u00d3skarsson","author_link":"https:\/\/strokur.is\/?author=3"},"uagb_comment_info":0,"uagb_excerpt":"Allir \u00fe\u00e1tttakendur \u00ed Str\u00f3k sinna einstaklingsmi\u00f0a\u00f0ri endurh\u00e6fingu. Dagskr\u00e1rli\u00f0ir okkar byggja \u00e1 \u00fev\u00ed a\u00f0 virkja einstaklinga b\u00e6\u00f0i andlega, l\u00edkamlega og f\u00e9lagslega. Mj\u00f6g misjafnt er \u00ed hverju endurh\u00e6fing hvers og eins er f\u00f3lgin og \u00fev\u00ed er&#46;&#46;&#46;","jetpack_sharing_enabled":true,"_links":{"self":[{"href":"https:\/\/strokur.is\/index.php?rest_route=\/wp\/v2\/pages\/387"}],"collection":[{"href":"https:\/\/strokur.is\/index.php?rest_route=\/wp\/v2\/pages"}],"about":[{"href":"https:\/\/strokur.is\/index.php?rest_route=\/wp\/v2\/types\/page"}],"author":[{"embeddable":true,"href":"https:\/\/strokur.is\/index.php?rest_route=\/wp\/v2\/users\/3"}],"replies":[{"embeddable":true,"href":"https:\/\/strokur.is\/index.php?rest_route=%2Fwp%2Fv2%2Fcomments&post=387"}],"version-history":[{"count":5,"href":"https:\/\/strokur.is\/index.php?rest_route=\/wp\/v2\/pages\/387\/revisions"}],"predecessor-version":[{"id":420,"href":"https:\/\/strokur.is\/index.php?rest_route=\/wp\/v2\/pages\/387\/revisions\/420"}],"wp:attachment":[{"href":"https:\/\/strokur.is\/index.php?rest_route=%2Fwp%2Fv2%2Fmedia&parent=387"}],"curies":[{"name":"wp","href":"https:\/\/api.w.org\/{rel}","templated":true}]}}