{"id":383,"date":"2020-11-02T21:47:30","date_gmt":"2020-11-02T21:47:30","guid":{"rendered":"https:\/\/strokur.is\/?page_id=383"},"modified":"2020-11-03T15:16:35","modified_gmt":"2020-11-03T15:16:35","slug":"athvarf","status":"publish","type":"page","link":"https:\/\/strokur.is\/?page_id=383","title":{"rendered":"Athvarf"},"content":{"rendered":"<p>\u00cd Str\u00f3k er bo\u00f0i\u00f0 upp \u00e1 athvarf fyrir alla sem s\u00e6kjast eftir f\u00e9lagsskap og virkni. \u00cd h\u00fasinu okkar eru b\u00e6\u00f0i setustofur og i\u00f0juherbergi og \u00e1vallt h\u00e6gt a\u00f0 finna s\u00e9r eitthva\u00f0 vi\u00f0 a\u00f0 vera.<\/p>\n<p>\u00dea\u00f0 er mikilv\u00e6gt fyrir langflesta a\u00f0 finna s\u00e9r hlutverk \u00ed l\u00edfinu og einnig a\u00f0 geta gefi\u00f0 af s\u00e9r til annarra. F\u00e9lagsleg virkni skiptir \u00fev\u00ed sk\u00f6pum og stu\u00f0la starfsmenn og \u00fe\u00e1tttakendur \u00ed Str\u00f3k a\u00f0 \u00fev\u00ed a\u00f0 svo megi ver\u00f0a hj\u00e1 \u00f6llum sem m\u00e6ta til okkar.<\/p>\n<p>\u00cd dagskr\u00e1nni okkar bj\u00f3\u00f0um vi\u00f0 upp \u00e1 \u00fdmislegt sem getur auki\u00f0 f\u00e9lagslega \u00fe\u00e1ttt\u00f6ku, b\u00e6\u00f0i innanh\u00fas og einnig me\u00f0 vettvangsfer\u00f0um og \u00f6\u00f0rum vi\u00f0bur\u00f0um sem brydda upp \u00e1 og gera l\u00edfi\u00f0 skemmtilegra og litr\u00edkara.<\/p>\n","protected":false},"excerpt":{"rendered":"<p>\u00cd Str\u00f3k er bo\u00f0i\u00f0 upp \u00e1 athvarf fyrir alla sem s\u00e6kjast eftir f\u00e9lagsskap og virkni. \u00cd h\u00fasinu okkar eru b\u00e6\u00f0i setustofur og i\u00f0juherbergi og \u00e1vallt h\u00e6gt a\u00f0 finna s\u00e9r eitthva\u00f0 vi\u00f0 a\u00f0 vera. \u00dea\u00f0&#46;&#46;&#46;<\/p>\n","protected":false},"author":3,"featured_media":0,"parent":0,"menu_order":0,"comment_status":"closed","ping_status":"closed","template":"","meta":{"_uag_custom_page_level_css":"","_monsterinsights_skip_tracking":false,"_monsterinsights_sitenote_active":false,"_monsterinsights_sitenote_note":"","_monsterinsights_sitenote_category":0,"footnotes":""},"class_list":["post-383","page","type-page","status-publish","hentry"],"uagb_featured_image_src":{"full":false,"thumbnail":false,"medium":false,"medium_large":false,"large":false,"1536x1536":false,"2048x2048":false,"thumb-small":false,"thumb-standard":false,"thumb-medium":false,"thumb-large":false,"thumb-xlarge":false,"thumb-xxlarge":false,"thumb-large-no-crop":false,"thumb-medium-no-crop":false,"thumb-standard-no-crop":false,"wdm-list-slider-thumb":false},"uagb_author_info":{"display_name":"Gu\u00f0mundur R\u00fanar \u00d3skarsson","author_link":"https:\/\/strokur.is\/?author=3"},"uagb_comment_info":0,"uagb_excerpt":"\u00cd Str\u00f3k er bo\u00f0i\u00f0 upp \u00e1 athvarf fyrir alla sem s\u00e6kjast eftir f\u00e9lagsskap og virkni. \u00cd h\u00fasinu okkar eru b\u00e6\u00f0i setustofur og i\u00f0juherbergi og \u00e1vallt h\u00e6gt a\u00f0 finna s\u00e9r eitthva\u00f0 vi\u00f0 a\u00f0 vera. \u00dea\u00f0&#46;&#46;&#46;","jetpack_sharing_enabled":true,"_links":{"self":[{"href":"https:\/\/strokur.is\/index.php?rest_route=\/wp\/v2\/pages\/383"}],"collection":[{"href":"https:\/\/strokur.is\/index.php?rest_route=\/wp\/v2\/pages"}],"about":[{"href":"https:\/\/strokur.is\/index.php?rest_route=\/wp\/v2\/types\/page"}],"author":[{"embeddable":true,"href":"https:\/\/strokur.is\/index.php?rest_route=\/wp\/v2\/users\/3"}],"replies":[{"embeddable":true,"href":"https:\/\/strokur.is\/index.php?rest_route=%2Fwp%2Fv2%2Fcomments&post=383"}],"version-history":[{"count":7,"href":"https:\/\/strokur.is\/index.php?rest_route=\/wp\/v2\/pages\/383\/revisions"}],"predecessor-version":[{"id":428,"href":"https:\/\/strokur.is\/index.php?rest_route=\/wp\/v2\/pages\/383\/revisions\/428"}],"wp:attachment":[{"href":"https:\/\/strokur.is\/index.php?rest_route=%2Fwp%2Fv2%2Fmedia&parent=383"}],"curies":[{"name":"wp","href":"https:\/\/api.w.org\/{rel}","templated":true}]}}