{"id":379,"date":"2020-11-02T21:45:51","date_gmt":"2020-11-02T21:45:51","guid":{"rendered":"https:\/\/strokur.is\/?page_id=379"},"modified":"2020-11-03T14:28:22","modified_gmt":"2020-11-03T14:28:22","slug":"radgjof-og-studningur","status":"publish","type":"page","link":"https:\/\/strokur.is\/?page_id=379","title":{"rendered":"R\u00e1\u00f0gj\u00f6f og stu\u00f0ningur"},"content":{"rendered":"<p>\u00cd Str\u00f3k bj\u00f3\u00f0um vi\u00f0 \u00fej\u00f3nustu\u00feegum upp \u00e1 einstaklingsr\u00e1\u00f0gj\u00f6f og stu\u00f0ning \u00e1n kostna\u00f0ar.<\/p>\n<p>H\u00e6gt er a\u00f0 n\u00fdta \u00feennan stu\u00f0ning til a\u00f0 f\u00e1 lei\u00f0beiningar um n\u00e6stu skref \u00ed bataferlinu, setja s\u00e9r\u00a0 markmi\u00f0 og\/e\u00f0a \u00fdmislegt anna\u00f0 sem brennur \u00e1 hverjum og einum.<\/p>\n<p>Leiti\u00f0 til starfsmanna fyrir frekari spurningar, vi\u00f0 t\u00f6kum gl\u00f6\u00f0 \u00e1 m\u00f3ti ykkur!<\/p>\n\n\n<p><\/p>\n","protected":false},"excerpt":{"rendered":"<p>\u00cd Str\u00f3k bj\u00f3\u00f0um vi\u00f0 \u00fej\u00f3nustu\u00feegum upp \u00e1 einstaklingsr\u00e1\u00f0gj\u00f6f og stu\u00f0ning \u00e1n kostna\u00f0ar. H\u00e6gt er a\u00f0 n\u00fdta \u00feennan stu\u00f0ning til a\u00f0 f\u00e1 lei\u00f0beiningar um n\u00e6stu skref \u00ed bataferlinu, setja s\u00e9r\u00a0 markmi\u00f0 og\/e\u00f0a \u00fdmislegt anna\u00f0 sem&#46;&#46;&#46;<\/p>\n","protected":false},"author":3,"featured_media":0,"parent":0,"menu_order":0,"comment_status":"closed","ping_status":"closed","template":"","meta":{"_uag_custom_page_level_css":"","_monsterinsights_skip_tracking":false,"_monsterinsights_sitenote_active":false,"_monsterinsights_sitenote_note":"","_monsterinsights_sitenote_category":0,"footnotes":""},"class_list":["post-379","page","type-page","status-publish","hentry"],"uagb_featured_image_src":{"full":false,"thumbnail":false,"medium":false,"medium_large":false,"large":false,"1536x1536":false,"2048x2048":false,"thumb-small":false,"thumb-standard":false,"thumb-medium":false,"thumb-large":false,"thumb-xlarge":false,"thumb-xxlarge":false,"thumb-large-no-crop":false,"thumb-medium-no-crop":false,"thumb-standard-no-crop":false,"wdm-list-slider-thumb":false},"uagb_author_info":{"display_name":"Gu\u00f0mundur R\u00fanar \u00d3skarsson","author_link":"https:\/\/strokur.is\/?author=3"},"uagb_comment_info":0,"uagb_excerpt":"\u00cd Str\u00f3k bj\u00f3\u00f0um vi\u00f0 \u00fej\u00f3nustu\u00feegum upp \u00e1 einstaklingsr\u00e1\u00f0gj\u00f6f og stu\u00f0ning \u00e1n kostna\u00f0ar. H\u00e6gt er a\u00f0 n\u00fdta \u00feennan stu\u00f0ning til a\u00f0 f\u00e1 lei\u00f0beiningar um n\u00e6stu skref \u00ed bataferlinu, setja s\u00e9r\u00a0 markmi\u00f0 og\/e\u00f0a \u00fdmislegt anna\u00f0 sem&#46;&#46;&#46;","jetpack_sharing_enabled":true,"_links":{"self":[{"href":"https:\/\/strokur.is\/index.php?rest_route=\/wp\/v2\/pages\/379"}],"collection":[{"href":"https:\/\/strokur.is\/index.php?rest_route=\/wp\/v2\/pages"}],"about":[{"href":"https:\/\/strokur.is\/index.php?rest_route=\/wp\/v2\/types\/page"}],"author":[{"embeddable":true,"href":"https:\/\/strokur.is\/index.php?rest_route=\/wp\/v2\/users\/3"}],"replies":[{"embeddable":true,"href":"https:\/\/strokur.is\/index.php?rest_route=%2Fwp%2Fv2%2Fcomments&post=379"}],"version-history":[{"count":4,"href":"https:\/\/strokur.is\/index.php?rest_route=\/wp\/v2\/pages\/379\/revisions"}],"predecessor-version":[{"id":416,"href":"https:\/\/strokur.is\/index.php?rest_route=\/wp\/v2\/pages\/379\/revisions\/416"}],"wp:attachment":[{"href":"https:\/\/strokur.is\/index.php?rest_route=%2Fwp%2Fv2%2Fmedia&parent=379"}],"curies":[{"name":"wp","href":"https:\/\/api.w.org\/{rel}","templated":true}]}}