{"id":375,"date":"2020-11-02T21:42:43","date_gmt":"2020-11-02T21:42:43","guid":{"rendered":"https:\/\/strokur.is\/?page_id=375"},"modified":"2020-11-03T15:30:33","modified_gmt":"2020-11-03T15:30:33","slug":"sagan","status":"publish","type":"page","link":"https:\/\/strokur.is\/?page_id=375","title":{"rendered":"Sagan"},"content":{"rendered":"<p>Kl\u00fabburinn STR\u00d3KUR var formlega stofna\u00f0ur \u00e1ri\u00f0 2005 eftir 10 \u00e1ra undirb\u00faningsstarf a\u00f0standenda einstaklinga me\u00f0 ge\u00f0raskanir. Markmi\u00f0i\u00f0 var a\u00f0 f\u00e6ra \u00fej\u00f3nustuna n\u00e6r heimabygg\u00f0 og bj\u00f3\u00f0a \u00edb\u00faum \u00e1 Su\u00f0urlandi upp \u00e1 athvarf og endurh\u00e6fingu sem stu\u00f0lar a\u00f0 \u00e1framhaldandi bata og virkni.<\/p>\n","protected":false},"excerpt":{"rendered":"<p>Kl\u00fabburinn STR\u00d3KUR var formlega stofna\u00f0ur \u00e1ri\u00f0 2005 eftir 10 \u00e1ra undirb\u00faningsstarf a\u00f0standenda einstaklinga me\u00f0 ge\u00f0raskanir. Markmi\u00f0i\u00f0 var a\u00f0 f\u00e6ra \u00fej\u00f3nustuna n\u00e6r heimabygg\u00f0 og bj\u00f3\u00f0a \u00edb\u00faum \u00e1 Su\u00f0urlandi upp \u00e1 athvarf og endurh\u00e6fingu sem stu\u00f0lar&#46;&#46;&#46;<\/p>\n","protected":false},"author":3,"featured_media":0,"parent":0,"menu_order":0,"comment_status":"closed","ping_status":"closed","template":"","meta":{"_uag_custom_page_level_css":"","_monsterinsights_skip_tracking":false,"_monsterinsights_sitenote_active":false,"_monsterinsights_sitenote_note":"","_monsterinsights_sitenote_category":0,"footnotes":""},"class_list":["post-375","page","type-page","status-publish","hentry"],"uagb_featured_image_src":{"full":false,"thumbnail":false,"medium":false,"medium_large":false,"large":false,"1536x1536":false,"2048x2048":false,"thumb-small":false,"thumb-standard":false,"thumb-medium":false,"thumb-large":false,"thumb-xlarge":false,"thumb-xxlarge":false,"thumb-large-no-crop":false,"thumb-medium-no-crop":false,"thumb-standard-no-crop":false,"wdm-list-slider-thumb":false},"uagb_author_info":{"display_name":"Gu\u00f0mundur R\u00fanar \u00d3skarsson","author_link":"https:\/\/strokur.is\/?author=3"},"uagb_comment_info":0,"uagb_excerpt":"Kl\u00fabburinn STR\u00d3KUR var formlega stofna\u00f0ur \u00e1ri\u00f0 2005 eftir 10 \u00e1ra undirb\u00faningsstarf a\u00f0standenda einstaklinga me\u00f0 ge\u00f0raskanir. Markmi\u00f0i\u00f0 var a\u00f0 f\u00e6ra \u00fej\u00f3nustuna n\u00e6r heimabygg\u00f0 og bj\u00f3\u00f0a \u00edb\u00faum \u00e1 Su\u00f0urlandi upp \u00e1 athvarf og endurh\u00e6fingu sem stu\u00f0lar&#46;&#46;&#46;","jetpack_sharing_enabled":true,"_links":{"self":[{"href":"https:\/\/strokur.is\/index.php?rest_route=\/wp\/v2\/pages\/375"}],"collection":[{"href":"https:\/\/strokur.is\/index.php?rest_route=\/wp\/v2\/pages"}],"about":[{"href":"https:\/\/strokur.is\/index.php?rest_route=\/wp\/v2\/types\/page"}],"author":[{"embeddable":true,"href":"https:\/\/strokur.is\/index.php?rest_route=\/wp\/v2\/users\/3"}],"replies":[{"embeddable":true,"href":"https:\/\/strokur.is\/index.php?rest_route=%2Fwp%2Fv2%2Fcomments&post=375"}],"version-history":[{"count":4,"href":"https:\/\/strokur.is\/index.php?rest_route=\/wp\/v2\/pages\/375\/revisions"}],"predecessor-version":[{"id":436,"href":"https:\/\/strokur.is\/index.php?rest_route=\/wp\/v2\/pages\/375\/revisions\/436"}],"wp:attachment":[{"href":"https:\/\/strokur.is\/index.php?rest_route=%2Fwp%2Fv2%2Fmedia&parent=375"}],"curies":[{"name":"wp","href":"https:\/\/api.w.org\/{rel}","templated":true}]}}