{"id":365,"date":"2020-11-02T21:31:08","date_gmt":"2020-11-02T21:31:08","guid":{"rendered":"https:\/\/strokur.is\/?page_id=365"},"modified":"2023-02-15T12:48:27","modified_gmt":"2023-02-15T12:48:27","slug":"hafdu-samband","status":"publish","type":"page","link":"https:\/\/strokur.is\/?page_id=365","title":{"rendered":"Haf\u00f0u samband"},"content":{"rendered":"<p>Str\u00f3kur er sta\u00f0settur a\u00f0 Sk\u00f3lav\u00f6llum 1, Selfossi.<\/p>\n<p>S\u00edman\u00famer Kl\u00fabbsins Str\u00f3ks er: <strong>482-1757<\/strong>. Netfang okkar er: <strong>fjola@strokur.is<\/strong><\/p>\n<p>Starfsmenn eru:<\/p>\n<p>Fj\u00f3la Einarsd\u00f3ttir, forst\u00f6\u00f0uma\u00f0ur.<\/p>\n<p>J\u00f3na Vigd\u00eds Evud\u00f3ttir, \u00feroska\u00fej\u00e1lfi.<\/p>\n","protected":false},"excerpt":{"rendered":"<p>Str\u00f3kur er sta\u00f0settur a\u00f0 Sk\u00f3lav\u00f6llum 1, Selfossi. S\u00edman\u00famer Kl\u00fabbsins Str\u00f3ks er: 482-1757. Netfang okkar er: fjola@strokur.is Starfsmenn eru: Fj\u00f3la Einarsd\u00f3ttir, forst\u00f6\u00f0uma\u00f0ur. J\u00f3na Vigd\u00eds Evud\u00f3ttir, \u00feroska\u00fej\u00e1lfi.<\/p>\n","protected":false},"author":3,"featured_media":0,"parent":0,"menu_order":0,"comment_status":"closed","ping_status":"closed","template":"","meta":{"_uag_custom_page_level_css":"","_monsterinsights_skip_tracking":false,"_monsterinsights_sitenote_active":false,"_monsterinsights_sitenote_note":"","_monsterinsights_sitenote_category":0,"footnotes":""},"class_list":["post-365","page","type-page","status-publish","hentry"],"uagb_featured_image_src":{"full":false,"thumbnail":false,"medium":false,"medium_large":false,"large":false,"1536x1536":false,"2048x2048":false,"thumb-small":false,"thumb-standard":false,"thumb-medium":false,"thumb-large":false,"thumb-xlarge":false,"thumb-xxlarge":false,"thumb-large-no-crop":false,"thumb-medium-no-crop":false,"thumb-standard-no-crop":false,"wdm-list-slider-thumb":false},"uagb_author_info":{"display_name":"Gu\u00f0mundur R\u00fanar \u00d3skarsson","author_link":"https:\/\/strokur.is\/?author=3"},"uagb_comment_info":0,"uagb_excerpt":"Str\u00f3kur er sta\u00f0settur a\u00f0 Sk\u00f3lav\u00f6llum 1, Selfossi. S\u00edman\u00famer Kl\u00fabbsins Str\u00f3ks er: 482-1757. Netfang okkar er: fjola@strokur.is Starfsmenn eru: Fj\u00f3la Einarsd\u00f3ttir, forst\u00f6\u00f0uma\u00f0ur. J\u00f3na Vigd\u00eds Evud\u00f3ttir, \u00feroska\u00fej\u00e1lfi.","jetpack_sharing_enabled":true,"_links":{"self":[{"href":"https:\/\/strokur.is\/index.php?rest_route=\/wp\/v2\/pages\/365"}],"collection":[{"href":"https:\/\/strokur.is\/index.php?rest_route=\/wp\/v2\/pages"}],"about":[{"href":"https:\/\/strokur.is\/index.php?rest_route=\/wp\/v2\/types\/page"}],"author":[{"embeddable":true,"href":"https:\/\/strokur.is\/index.php?rest_route=\/wp\/v2\/users\/3"}],"replies":[{"embeddable":true,"href":"https:\/\/strokur.is\/index.php?rest_route=%2Fwp%2Fv2%2Fcomments&post=365"}],"version-history":[{"count":5,"href":"https:\/\/strokur.is\/index.php?rest_route=\/wp\/v2\/pages\/365\/revisions"}],"predecessor-version":[{"id":478,"href":"https:\/\/strokur.is\/index.php?rest_route=\/wp\/v2\/pages\/365\/revisions\/478"}],"wp:attachment":[{"href":"https:\/\/strokur.is\/index.php?rest_route=%2Fwp%2Fv2%2Fmedia&parent=365"}],"curies":[{"name":"wp","href":"https:\/\/api.w.org\/{rel}","templated":true}]}}