{"id":357,"date":"2020-11-02T21:13:10","date_gmt":"2020-11-02T21:13:10","guid":{"rendered":"https:\/\/strokur.is\/?page_id=357"},"modified":"2020-11-03T15:17:40","modified_gmt":"2020-11-03T15:17:40","slug":"tenglar","status":"publish","type":"page","link":"https:\/\/strokur.is\/?page_id=357","title":{"rendered":"Tenglar"},"content":{"rendered":"<p><em>H\u00e9r eru beinir tenglar inn \u00e1 helstu samstarfsa\u00f0ila Str\u00f3ks:<\/em><\/p>\n<p><a href=\"https:\/\/vinnumalastofnun.is\/\">Vinnum\u00e1lastofnun<\/a><\/p>\n<p><a href=\"https:\/\/www.arborg.is\/\">Sveitarf\u00e9lagi\u00f0 \u00c1rborg<\/a><\/p>\n<p><a href=\"https:\/\/www.virk.is\/\">VIRK starfsendurh\u00e6fingarsj\u00f3\u00f0ur<\/a><\/p>\n<p><a href=\"https:\/\/www.hsu.is\/gedheilsuteymi-hsu\/\">Ge\u00f0heilsuteymi HSU<\/a><\/p>\n<p><a href=\"https:\/\/www.birtastarfs.is\/\">Birta Starfsendurh\u00e6fing Su\u00f0urlands<\/a><\/p>\n<p><a href=\"https:\/\/gedhjalp.is\/\">Ge\u00f0hj\u00e1lp<\/a><\/p>\n<p>\u00a0<\/p>\n\n\n<p><em>A\u00f0rir tenglar: <\/em><\/p>\n\n\n\n<p><a href=\"https:\/\/www.tr.is\/\">Tryggingastofnun <\/a> <\/p>\n\n\n\n<p><a href=\"https:\/\/island.is\/\">\u00cdsland.is <\/a><\/p>\n\n\n\n<p><a href=\"https:\/\/www.sjukra.is\/\">Sj\u00fakratryggingar \u00cdslands<\/a><\/p>\n\n\n\n<p><\/p>\n","protected":false},"excerpt":{"rendered":"<p>H\u00e9r eru beinir tenglar inn \u00e1 helstu samstarfsa\u00f0ila Str\u00f3ks: Vinnum\u00e1lastofnun Sveitarf\u00e9lagi\u00f0 \u00c1rborg VIRK starfsendurh\u00e6fingarsj\u00f3\u00f0ur Ge\u00f0heilsuteymi HSU Birta Starfsendurh\u00e6fing Su\u00f0urlands Ge\u00f0hj\u00e1lp \u00a0 A\u00f0rir tenglar: Tryggingastofnun \u00cdsland.is Sj\u00fakratryggingar \u00cdslands<\/p>\n","protected":false},"author":3,"featured_media":0,"parent":0,"menu_order":0,"comment_status":"closed","ping_status":"closed","template":"","meta":{"_uag_custom_page_level_css":"","_monsterinsights_skip_tracking":false,"_monsterinsights_sitenote_active":false,"_monsterinsights_sitenote_note":"","_monsterinsights_sitenote_category":0,"footnotes":""},"class_list":["post-357","page","type-page","status-publish","hentry"],"uagb_featured_image_src":{"full":false,"thumbnail":false,"medium":false,"medium_large":false,"large":false,"1536x1536":false,"2048x2048":false,"thumb-small":false,"thumb-standard":false,"thumb-medium":false,"thumb-large":false,"thumb-xlarge":false,"thumb-xxlarge":false,"thumb-large-no-crop":false,"thumb-medium-no-crop":false,"thumb-standard-no-crop":false,"wdm-list-slider-thumb":false},"uagb_author_info":{"display_name":"Gu\u00f0mundur R\u00fanar \u00d3skarsson","author_link":"https:\/\/strokur.is\/?author=3"},"uagb_comment_info":0,"uagb_excerpt":"H\u00e9r eru beinir tenglar inn \u00e1 helstu samstarfsa\u00f0ila Str\u00f3ks: Vinnum\u00e1lastofnun Sveitarf\u00e9lagi\u00f0 \u00c1rborg VIRK starfsendurh\u00e6fingarsj\u00f3\u00f0ur Ge\u00f0heilsuteymi HSU Birta Starfsendurh\u00e6fing Su\u00f0urlands Ge\u00f0hj\u00e1lp \u00a0 A\u00f0rir tenglar: Tryggingastofnun \u00cdsland.is Sj\u00fakratryggingar \u00cdslands","jetpack_sharing_enabled":true,"_links":{"self":[{"href":"https:\/\/strokur.is\/index.php?rest_route=\/wp\/v2\/pages\/357"}],"collection":[{"href":"https:\/\/strokur.is\/index.php?rest_route=\/wp\/v2\/pages"}],"about":[{"href":"https:\/\/strokur.is\/index.php?rest_route=\/wp\/v2\/types\/page"}],"author":[{"embeddable":true,"href":"https:\/\/strokur.is\/index.php?rest_route=\/wp\/v2\/users\/3"}],"replies":[{"embeddable":true,"href":"https:\/\/strokur.is\/index.php?rest_route=%2Fwp%2Fv2%2Fcomments&post=357"}],"version-history":[{"count":4,"href":"https:\/\/strokur.is\/index.php?rest_route=\/wp\/v2\/pages\/357\/revisions"}],"predecessor-version":[{"id":429,"href":"https:\/\/strokur.is\/index.php?rest_route=\/wp\/v2\/pages\/357\/revisions\/429"}],"wp:attachment":[{"href":"https:\/\/strokur.is\/index.php?rest_route=%2Fwp%2Fv2%2Fmedia&parent=357"}],"curies":[{"name":"wp","href":"https:\/\/api.w.org\/{rel}","templated":true}]}}