{"id":20,"date":"2014-06-04T15:05:10","date_gmt":"2014-06-04T15:05:10","guid":{"rendered":"http:\/\/strokur.wordpress.com\/?page_id=20"},"modified":"2023-02-15T12:42:00","modified_gmt":"2023-02-15T12:42:00","slug":"stjorn","status":"publish","type":"page","link":"https:\/\/strokur.is\/?page_id=20","title":{"rendered":"Stj\u00f3rn Kl\u00fabbsins Str\u00f3ks"},"content":{"rendered":"<h3 style=\"text-align: center;\"><span style=\"color: #808080;\"><b style=\"font-size: x-large;\"><span style=\"font-size: x-large;\">Stj\u00f3rn STR\u00d3KS skipa:<\/span><\/b><\/span><\/h3>\n<pre style=\"text-align: center;\"><span style=\"font-size: x-large;\">J\u00f3hannes Hrei\u00f0ar S\u00edmonarson,forma\u00f0ur\nHalld\u00f3ra J.K. \u00deorvar\u00f0ard\u00f3ttir,gjaldkeri\nBj\u00f6rgvin \u00d6rn Eggertsson,ritari\n<\/span>\n\n<span style=\"font-size: x-large;\">Me\u00f0stj\u00f3rnendur:\nDr\u00edfa Hjartard\u00f3ttir\nKristj\u00e1n Fr. Kristj\u00e1nsson\nSigur\u00f0ur J\u00f3nsson\n\u00de\u00f3rd\u00eds Ing\u00f3lfsd\u00f3ttir\nGu\u00f0bj\u00f6rg Sigr\u00fan Stef\u00e1nsd\u00f3ttir\n<\/span><\/pre>\n","protected":false},"excerpt":{"rendered":"<p>Stj\u00f3rn STR\u00d3KS skipa: J\u00f3hannes Hrei\u00f0ar S\u00edmonarson,forma\u00f0ur Halld\u00f3ra J.K. \u00deorvar\u00f0ard\u00f3ttir,gjaldkeri Bj\u00f6rgvin \u00d6rn Eggertsson,ritari Me\u00f0stj\u00f3rnendur: Dr\u00edfa Hjartard\u00f3ttir Kristj\u00e1n Fr. Kristj\u00e1nsson Sigur\u00f0ur J\u00f3nsson \u00de\u00f3rd\u00eds Ing\u00f3lfsd\u00f3ttir Gu\u00f0bj\u00f6rg Sigr\u00fan Stef\u00e1nsd\u00f3ttir<\/p>\n","protected":false},"author":3,"featured_media":0,"parent":61,"menu_order":0,"comment_status":"open","ping_status":"open","template":"","meta":{"_uag_custom_page_level_css":"","_monsterinsights_skip_tracking":false,"_monsterinsights_sitenote_active":false,"_monsterinsights_sitenote_note":"","_monsterinsights_sitenote_category":0,"footnotes":""},"class_list":["post-20","page","type-page","status-publish","hentry"],"uagb_featured_image_src":{"full":false,"thumbnail":false,"medium":false,"medium_large":false,"large":false,"1536x1536":false,"2048x2048":false,"thumb-small":false,"thumb-standard":false,"thumb-medium":false,"thumb-large":false,"thumb-xlarge":false,"thumb-xxlarge":false,"thumb-large-no-crop":false,"thumb-medium-no-crop":false,"thumb-standard-no-crop":false,"wdm-list-slider-thumb":false},"uagb_author_info":{"display_name":"Gu\u00f0mundur R\u00fanar \u00d3skarsson","author_link":"https:\/\/strokur.is\/?author=3"},"uagb_comment_info":22,"uagb_excerpt":"Stj\u00f3rn STR\u00d3KS skipa: J\u00f3hannes Hrei\u00f0ar S\u00edmonarson,forma\u00f0ur Halld\u00f3ra J.K. \u00deorvar\u00f0ard\u00f3ttir,gjaldkeri Bj\u00f6rgvin \u00d6rn Eggertsson,ritari Me\u00f0stj\u00f3rnendur: Dr\u00edfa Hjartard\u00f3ttir Kristj\u00e1n Fr. Kristj\u00e1nsson Sigur\u00f0ur J\u00f3nsson \u00de\u00f3rd\u00eds Ing\u00f3lfsd\u00f3ttir Gu\u00f0bj\u00f6rg Sigr\u00fan Stef\u00e1nsd\u00f3ttir","jetpack_sharing_enabled":true,"_links":{"self":[{"href":"https:\/\/strokur.is\/index.php?rest_route=\/wp\/v2\/pages\/20"}],"collection":[{"href":"https:\/\/strokur.is\/index.php?rest_route=\/wp\/v2\/pages"}],"about":[{"href":"https:\/\/strokur.is\/index.php?rest_route=\/wp\/v2\/types\/page"}],"author":[{"embeddable":true,"href":"https:\/\/strokur.is\/index.php?rest_route=\/wp\/v2\/users\/3"}],"replies":[{"embeddable":true,"href":"https:\/\/strokur.is\/index.php?rest_route=%2Fwp%2Fv2%2Fcomments&post=20"}],"version-history":[{"count":2,"href":"https:\/\/strokur.is\/index.php?rest_route=\/wp\/v2\/pages\/20\/revisions"}],"predecessor-version":[{"id":476,"href":"https:\/\/strokur.is\/index.php?rest_route=\/wp\/v2\/pages\/20\/revisions\/476"}],"up":[{"embeddable":true,"href":"https:\/\/strokur.is\/index.php?rest_route=\/wp\/v2\/pages\/61"}],"wp:attachment":[{"href":"https:\/\/strokur.is\/index.php?rest_route=%2Fwp%2Fv2%2Fmedia&parent=20"}],"curies":[{"name":"wp","href":"https:\/\/api.w.org\/{rel}","templated":true}]}}